{"id":10582,"date":"2024-08-27T07:44:58","date_gmt":"2024-08-27T07:44:58","guid":{"rendered":"https:\/\/betapharmatechnologi.live-website.com\/?page_id=10582"},"modified":"2024-09-09T16:30:19","modified_gmt":"2024-09-09T16:30:19","slug":"equipo","status":"publish","type":"page","link":"https:\/\/betapharmatech.com\/en\/equipo\/","title":{"rendered":"Team"},"content":{"rendered":"<div data-elementor-type=\"wp-page\" data-elementor-id=\"10582\" class=\"elementor elementor-10582\" data-elementor-post-type=\"page\">\n\t\t\t\t<div class=\"elementor-element elementor-element-0b233f2 e-con-full e-flex e-con e-parent\" data-id=\"0b233f2\" data-element_type=\"container\" data-settings=\"{&quot;background_background&quot;:&quot;classic&quot;}\">\n\t\t<div class=\"elementor-element elementor-element-51b2b83 e-con-full e-flex e-con e-child\" data-id=\"51b2b83\" data-element_type=\"container\">\n\t\t\t\t<div class=\"elementor-element elementor-element-a6dcc5f elementor-widget elementor-widget-marity_core_section_title\" data-id=\"a6dcc5f\" data-element_type=\"widget\" data-widget_type=\"marity_core_section_title.default\">\n\t\t\t\t<div class=\"elementor-widget-container\">\n\t\t\t\t\t<div class=\"qodef-shortcode qodef-m  qodef-section-title qodef-show_supertitle--no qodef-alignment--left\">\n    \t\t<h1 class=\"qodef-m-title\" >\n\t\t\t\t\tTeam\t\t\t<\/h1>\n\t    <\/div>\n\t\t\t\t<\/div>\n\t\t\t\t<\/div>\n\t\t\t\t<\/div>\n\t\t\t\t<\/div>\n\t\t<div class=\"elementor-element elementor-element-84748dd e-con-full e-flex elementor-invisible e-con e-parent\" data-id=\"84748dd\" data-element_type=\"container\" data-settings=\"{&quot;animation&quot;:&quot;fadeIn&quot;}\">\n\t\t<div class=\"elementor-element elementor-element-128af57 e-con-full e-flex elementor-invisible e-con e-child\" data-id=\"128af57\" data-element_type=\"container\" data-settings=\"{&quot;background_background&quot;:&quot;classic&quot;,&quot;animation&quot;:&quot;fadeIn&quot;}\">\n\t\t<div class=\"elementor-element elementor-element-3138d8d e-con-full e-flex e-con e-child\" data-id=\"3138d8d\" data-element_type=\"container\">\n\t\t\t\t<div class=\"elementor-element elementor-element-b7cb5a6 elementor-widget elementor-widget-heading\" data-id=\"b7cb5a6\" data-element_type=\"widget\" data-widget_type=\"heading.default\">\n\t\t\t\t<div class=\"elementor-widget-container\">\n\t\t\t\t\t<h2 class=\"elementor-heading-title elementor-size-default\">Fernando Berdascas Juli\u00e1n<\/h2>\t\t\t\t<\/div>\n\t\t\t\t<\/div>\n\t\t\t\t<div class=\"elementor-element elementor-element-10038ab elementor-widget elementor-widget-heading\" data-id=\"10038ab\" data-element_type=\"widget\" data-widget_type=\"heading.default\">\n\t\t\t\t<div class=\"elementor-widget-container\">\n\t\t\t\t\t<h6 class=\"elementor-heading-title elementor-size-default\">General Manager  <\/h6>\t\t\t\t<\/div>\n\t\t\t\t<\/div>\n\t\t\t\t<div class=\"elementor-element elementor-element-cf4ee1b elementor-widget__width-initial elementor-widget-mobile__width-inherit elementor-widget elementor-widget-text-editor\" data-id=\"cf4ee1b\" data-element_type=\"widget\" data-widget_type=\"text-editor.default\">\n\t\t\t\t<div class=\"elementor-widget-container\">\n\t\t\t\t\t\t\t\t\t<p>Industrial Engineer from the Polytechnic University of Zaragoza and Mechanical Engineer from the Universit\u00e9 de Technologie de Compi\u00e8gne.<\/p><p>Fernando has more than 15 years of experience in particle accelerator engineering and high-tech medical devices.<\/p>\t\t\t\t\t\t\t\t<\/div>\n\t\t\t\t<\/div>\n\t\t\t\t<div class=\"elementor-element elementor-element-8ded10c elementor-widget-mobile__width-inherit elementor-widget__width-initial elementor-widget-divider--view-line elementor-widget elementor-widget-divider\" data-id=\"8ded10c\" data-element_type=\"widget\" data-widget_type=\"divider.default\">\n\t\t\t\t<div class=\"elementor-widget-container\">\n\t\t\t\t\t\t\t<div class=\"elementor-divider\">\n\t\t\t<span class=\"elementor-divider-separator\">\n\t\t\t\t\t\t<\/span>\n\t\t<\/div>\n\t\t\t\t\t\t<\/div>\n\t\t\t\t<\/div>\n\t\t\t\t<div class=\"elementor-element elementor-element-5a3a8cc e-grid-align-left elementor-widget__width-initial elementor-shape-rounded elementor-grid-0 elementor-widget elementor-widget-social-icons\" data-id=\"5a3a8cc\" data-element_type=\"widget\" data-widget_type=\"social-icons.default\">\n\t\t\t\t<div class=\"elementor-widget-container\">\n\t\t\t\t\t\t\t<div class=\"elementor-social-icons-wrapper elementor-grid\">\n\t\t\t\t\t\t\t<span class=\"elementor-grid-item\">\n\t\t\t\t\t<a class=\"elementor-icon elementor-social-icon elementor-social-icon-linkedin elementor-animation-grow elementor-repeater-item-b0d8e10\" href=\"https:\/\/www.linkedin.com\/in\/fberdascas\/\" target=\"_blank\">\n\t\t\t\t\t\t<span class=\"elementor-screen-only\">Linkedin<\/span>\n\t\t\t\t\t\t<svg aria-hidden=\"true\" class=\"e-font-icon-svg e-fab-linkedin\" viewbox=\"0 0 448 512\" xmlns=\"http:\/\/www.w3.org\/2000\/svg\"><path d=\"M416 32H31.9C14.3 32 0 46.5 0 64.3v383.4C0 465.5 14.3 480 31.9 480H416c17.6 0 32-14.5 32-32.3V64.3c0-17.8-14.4-32.3-32-32.3zM135.4 416H69V202.2h66.5V416zm-33.2-243c-21.3 0-38.5-17.3-38.5-38.5S80.9 96 102.2 96c21.2 0 38.5 17.3 38.5 38.5 0 21.3-17.2 38.5-38.5 38.5zm282.1 243h-66.4V312c0-24.8-.5-56.7-34.5-56.7-34.6 0-39.9 27-39.9 54.9V416h-66.4V202.2h63.7v29.2h.9c8.9-16.8 30.6-34.5 62.9-34.5 67.2 0 79.7 44.3 79.7 101.9V416z\"><\/path><\/svg>\t\t\t\t\t<\/a>\n\t\t\t\t<\/span>\n\t\t\t\t\t<\/div>\n\t\t\t\t\t\t<\/div>\n\t\t\t\t<\/div>\n\t\t\t\t<\/div>\n\t\t<div class=\"elementor-element elementor-element-7629897 e-con-full e-flex e-con e-child\" data-id=\"7629897\" data-element_type=\"container\" data-settings=\"{&quot;background_background&quot;:&quot;classic&quot;}\">\n\t\t\t\t<\/div>\n\t\t\t\t<\/div>\n\t\t<div class=\"elementor-element elementor-element-3f92aa0 e-con-full e-flex elementor-invisible e-con e-child\" data-id=\"3f92aa0\" data-element_type=\"container\" data-settings=\"{&quot;background_background&quot;:&quot;classic&quot;,&quot;animation&quot;:&quot;fadeIn&quot;,&quot;animation_delay&quot;:50}\">\n\t\t<div class=\"elementor-element elementor-element-ab5678e e-con-full e-flex e-con e-child\" data-id=\"ab5678e\" data-element_type=\"container\">\n\t\t\t\t<div class=\"elementor-element elementor-element-c3fa3ea elementor-widget elementor-widget-heading\" data-id=\"c3fa3ea\" data-element_type=\"widget\" data-widget_type=\"heading.default\">\n\t\t\t\t<div class=\"elementor-widget-container\">\n\t\t\t\t\t<h2 class=\"elementor-heading-title elementor-size-default\">Carmen Garc\u00eda-Tabar\u00e9s Valdivieso<\/h2>\t\t\t\t<\/div>\n\t\t\t\t<\/div>\n\t\t\t\t<div class=\"elementor-element elementor-element-e3da031 elementor-widget elementor-widget-heading\" data-id=\"e3da031\" data-element_type=\"widget\" data-widget_type=\"heading.default\">\n\t\t\t\t<div class=\"elementor-widget-container\">\n\t\t\t\t\t<h6 class=\"elementor-heading-title elementor-size-default\">Pharmaceutical Director<\/h6>\t\t\t\t<\/div>\n\t\t\t\t<\/div>\n\t\t\t\t<div class=\"elementor-element elementor-element-48619ed elementor-widget-mobile__width-inherit elementor-widget__width-initial elementor-widget elementor-widget-text-editor\" data-id=\"48619ed\" data-element_type=\"widget\" data-widget_type=\"text-editor.default\">\n\t\t\t\t<div class=\"elementor-widget-container\">\n\t\t\t\t\t\t\t\t\t<p>Licensed in Pharmacy from the Complutense University of Madrid and holds a Master's in Pharmaceutical Industry from CESIF. Member of the Spanish Association of Industrial Pharmacists (AEFI) and the Spanish Society of Radiopharmacy (SERFA).<\/p><p>Carmen has over 15 years of experience in the radiopharmaceutical production sector.<\/p>\t\t\t\t\t\t\t\t<\/div>\n\t\t\t\t<\/div>\n\t\t\t\t<div class=\"elementor-element elementor-element-48cfbbc elementor-widget-mobile__width-inherit elementor-widget__width-initial elementor-widget-divider--view-line elementor-widget elementor-widget-divider\" data-id=\"48cfbbc\" data-element_type=\"widget\" data-widget_type=\"divider.default\">\n\t\t\t\t<div class=\"elementor-widget-container\">\n\t\t\t\t\t\t\t<div class=\"elementor-divider\">\n\t\t\t<span class=\"elementor-divider-separator\">\n\t\t\t\t\t\t<\/span>\n\t\t<\/div>\n\t\t\t\t\t\t<\/div>\n\t\t\t\t<\/div>\n\t\t\t\t<div class=\"elementor-element elementor-element-3bf9c67 e-grid-align-left elementor-widget__width-initial elementor-shape-rounded elementor-grid-0 elementor-widget elementor-widget-social-icons\" data-id=\"3bf9c67\" data-element_type=\"widget\" data-widget_type=\"social-icons.default\">\n\t\t\t\t<div class=\"elementor-widget-container\">\n\t\t\t\t\t\t\t<div class=\"elementor-social-icons-wrapper elementor-grid\">\n\t\t\t\t\t\t\t<span class=\"elementor-grid-item\">\n\t\t\t\t\t<a class=\"elementor-icon elementor-social-icon elementor-social-icon-linkedin elementor-animation-grow elementor-repeater-item-b0d8e10\" href=\"https:\/\/www.linkedin.com\/in\/cgarciatabares\/\" target=\"_blank\">\n\t\t\t\t\t\t<span class=\"elementor-screen-only\">Linkedin<\/span>\n\t\t\t\t\t\t<svg aria-hidden=\"true\" class=\"e-font-icon-svg e-fab-linkedin\" viewbox=\"0 0 448 512\" xmlns=\"http:\/\/www.w3.org\/2000\/svg\"><path d=\"M416 32H31.9C14.3 32 0 46.5 0 64.3v383.4C0 465.5 14.3 480 31.9 480H416c17.6 0 32-14.5 32-32.3V64.3c0-17.8-14.4-32.3-32-32.3zM135.4 416H69V202.2h66.5V416zm-33.2-243c-21.3 0-38.5-17.3-38.5-38.5S80.9 96 102.2 96c21.2 0 38.5 17.3 38.5 38.5 0 21.3-17.2 38.5-38.5 38.5zm282.1 243h-66.4V312c0-24.8-.5-56.7-34.5-56.7-34.6 0-39.9 27-39.9 54.9V416h-66.4V202.2h63.7v29.2h.9c8.9-16.8 30.6-34.5 62.9-34.5 67.2 0 79.7 44.3 79.7 101.9V416z\"><\/path><\/svg>\t\t\t\t\t<\/a>\n\t\t\t\t<\/span>\n\t\t\t\t\t<\/div>\n\t\t\t\t\t\t<\/div>\n\t\t\t\t<\/div>\n\t\t\t\t<\/div>\n\t\t<div class=\"elementor-element elementor-element-1823105 e-con-full e-flex e-con e-child\" data-id=\"1823105\" data-element_type=\"container\" data-settings=\"{&quot;background_background&quot;:&quot;classic&quot;}\">\n\t\t\t\t<\/div>\n\t\t\t\t<\/div>\n\t\t<div class=\"elementor-element elementor-element-79f1c1b e-con-full e-flex elementor-invisible e-con e-child\" data-id=\"79f1c1b\" data-element_type=\"container\" data-settings=\"{&quot;background_background&quot;:&quot;classic&quot;,&quot;animation&quot;:&quot;fadeIn&quot;,&quot;animation_delay&quot;:50}\">\n\t\t<div class=\"elementor-element elementor-element-f1ebf95 e-con-full e-flex e-con e-child\" data-id=\"f1ebf95\" data-element_type=\"container\">\n\t\t\t\t<div class=\"elementor-element elementor-element-7e63dfe elementor-widget elementor-widget-heading\" data-id=\"7e63dfe\" data-element_type=\"widget\" data-widget_type=\"heading.default\">\n\t\t\t\t<div class=\"elementor-widget-container\">\n\t\t\t\t\t<h2 class=\"elementor-heading-title elementor-size-default\">Javier Aguado Revilla<\/h2>\t\t\t\t<\/div>\n\t\t\t\t<\/div>\n\t\t\t\t<div class=\"elementor-element elementor-element-9c140e2 elementor-widget elementor-widget-heading\" data-id=\"9c140e2\" data-element_type=\"widget\" data-widget_type=\"heading.default\">\n\t\t\t\t<div class=\"elementor-widget-container\">\n\t\t\t\t\t<h6 class=\"elementor-heading-title elementor-size-default\">Field Engineer<\/h6>\t\t\t\t<\/div>\n\t\t\t\t<\/div>\n\t\t\t\t<div class=\"elementor-element elementor-element-b1c6d8a elementor-widget__width-initial elementor-widget-mobile__width-inherit elementor-widget elementor-widget-text-editor\" data-id=\"b1c6d8a\" data-element_type=\"widget\" data-widget_type=\"text-editor.default\">\n\t\t\t\t<div class=\"elementor-widget-container\">\n\t\t\t\t\t\t\t\t\t<p>Graduated in Industrial Technology Engineering from the University of Zaragoza and holds a Master's Degree in Industrial Engineering from the Polytechnic University of Catalonia.<\/p>\t\t\t\t\t\t\t\t<\/div>\n\t\t\t\t<\/div>\n\t\t\t\t<div class=\"elementor-element elementor-element-b5e09d3 elementor-widget-mobile__width-inherit elementor-widget__width-initial elementor-widget-divider--view-line elementor-widget elementor-widget-divider\" data-id=\"b5e09d3\" data-element_type=\"widget\" data-widget_type=\"divider.default\">\n\t\t\t\t<div class=\"elementor-widget-container\">\n\t\t\t\t\t\t\t<div class=\"elementor-divider\">\n\t\t\t<span class=\"elementor-divider-separator\">\n\t\t\t\t\t\t<\/span>\n\t\t<\/div>\n\t\t\t\t\t\t<\/div>\n\t\t\t\t<\/div>\n\t\t\t\t<\/div>\n\t\t<div class=\"elementor-element elementor-element-6cc03ce e-con-full e-flex e-con e-child\" data-id=\"6cc03ce\" data-element_type=\"container\" data-settings=\"{&quot;background_background&quot;:&quot;classic&quot;}\">\n\t\t\t\t<\/div>\n\t\t\t\t<\/div>\n\t\t<div class=\"elementor-element elementor-element-1da666b e-con-full e-flex elementor-invisible e-con e-child\" data-id=\"1da666b\" data-element_type=\"container\" data-settings=\"{&quot;background_background&quot;:&quot;classic&quot;,&quot;animation&quot;:&quot;fadeIn&quot;,&quot;animation_delay&quot;:50}\">\n\t\t<div class=\"elementor-element elementor-element-b054564 e-con-full e-flex e-con e-child\" data-id=\"b054564\" data-element_type=\"container\">\n\t\t\t\t<div class=\"elementor-element elementor-element-08f9114 elementor-widget elementor-widget-heading\" data-id=\"08f9114\" data-element_type=\"widget\" data-widget_type=\"heading.default\">\n\t\t\t\t<div class=\"elementor-widget-container\">\n\t\t\t\t\t<h2 class=\"elementor-heading-title elementor-size-default\">Vanessa Mart\u00edn Sebasti\u00e1n<\/h2>\t\t\t\t<\/div>\n\t\t\t\t<\/div>\n\t\t\t\t<div class=\"elementor-element elementor-element-574321d elementor-widget elementor-widget-heading\" data-id=\"574321d\" data-element_type=\"widget\" data-widget_type=\"heading.default\">\n\t\t\t\t<div class=\"elementor-widget-container\">\n\t\t\t\t\t<h6 class=\"elementor-heading-title elementor-size-default\">Head of Administration Department<\/h6>\t\t\t\t<\/div>\n\t\t\t\t<\/div>\n\t\t\t\t<div class=\"elementor-element elementor-element-b810a1c elementor-widget-mobile__width-inherit elementor-widget__width-initial elementor-widget elementor-widget-text-editor\" data-id=\"b810a1c\" data-element_type=\"widget\" data-widget_type=\"text-editor.default\">\n\t\t\t\t<div class=\"elementor-widget-container\">\n\t\t\t\t\t\t\t\t\t<p>Vanessa brings over 20 years of experience in administration departments.<\/p>\t\t\t\t\t\t\t\t<\/div>\n\t\t\t\t<\/div>\n\t\t\t\t<div class=\"elementor-element elementor-element-db40c26 elementor-widget-mobile__width-inherit elementor-widget__width-initial elementor-widget-divider--view-line elementor-widget elementor-widget-divider\" data-id=\"db40c26\" data-element_type=\"widget\" data-widget_type=\"divider.default\">\n\t\t\t\t<div class=\"elementor-widget-container\">\n\t\t\t\t\t\t\t<div class=\"elementor-divider\">\n\t\t\t<span class=\"elementor-divider-separator\">\n\t\t\t\t\t\t<\/span>\n\t\t<\/div>\n\t\t\t\t\t\t<\/div>\n\t\t\t\t<\/div>\n\t\t\t\t<\/div>\n\t\t<div class=\"elementor-element elementor-element-4059d48 e-con-full e-flex e-con e-child\" data-id=\"4059d48\" data-element_type=\"container\" data-settings=\"{&quot;background_background&quot;:&quot;classic&quot;}\">\n\t\t\t\t<\/div>\n\t\t\t\t<\/div>\n\t\t\t\t<\/div>\n\t\t<div class=\"elementor-element elementor-element-7022563 e-con-full e-flex e-con e-parent\" data-id=\"7022563\" data-element_type=\"container\">\n\t\t<div class=\"elementor-element elementor-element-010835d e-con-full e-flex e-con e-child\" data-id=\"010835d\" data-element_type=\"container\">\n\t\t\t\t<div class=\"elementor-element elementor-element-008a16e elementor-widget elementor-widget-marity_core_section_title\" data-id=\"008a16e\" data-element_type=\"widget\" data-widget_type=\"marity_core_section_title.default\">\n\t\t\t\t<div class=\"elementor-widget-container\">\n\t\t\t\t\t<div class=\"qodef-shortcode qodef-m  qodef-section-title qodef-show_supertitle--yes qodef-alignment--left\">\n    \t<p class=\"qodef-m-supertitle\" >Get in Touch<\/p>\n    <span class=\"qodef-e-subtitle-line\" ><\/span>\n\t\t\t<p class=\"qodef-m-text\" >Get in touch with us if you need assistance with efficient and professional solutions.<\/p>\n        <div class=\"qodef-m-button\">\r\n        <a class=\"qodef-shortcode qodef-m  qodef-button qodef-layout--filled  qodef-html--link\" href=\"\/en\/contactenos\/\" target=\"_self\"  >\t<span class=\"qodef-btn-text\">Get in Touch<\/span><\/a>    <\/div>\r\n<\/div>\n\t\t\t\t<\/div>\n\t\t\t\t<\/div>\n\t\t\t\t<\/div>\n\t\t<div class=\"elementor-element elementor-element-b3e9c76 e-con-full e-flex e-con e-child\" data-id=\"b3e9c76\" data-element_type=\"container\" data-settings=\"{&quot;background_background&quot;:&quot;classic&quot;}\">\n\t\t\t\t<div class=\"elementor-element elementor-element-1ed35f5 elementor-widget elementor-widget-marity_core_single_image\" data-id=\"1ed35f5\" data-element_type=\"widget\" data-widget_type=\"marity_core_single_image.default\">\n\t\t\t\t<div class=\"elementor-widget-container\">\n\t\t\t\t\t<div class=\"qodef-shortcode qodef-m  qodef-single-image qodef-layout--default qodef-image-align--center  qodef--morph-mask qodef--retina\" style=\"--qodef--morph-shape-position-x: 0%;--qodef--morph-shape-scale-x: 1\">\n\t                    <div class=\"qodef-svg-morph-holder qodef-type-1\">\n                <svg class=\"qodef-svg--clip-morph-shape-1\" xmlns=\"http:\/\/www.w3.org\/2000\/svg\" width=\"1059.2\" height=\"1059.2\" viewbox=\"0 0 1059.2 1059.2\"><clippath id=\"marity-1-708\" clippathunits=\"objectBoundingBox\"><path d= \"M293.4 1054.6c151.2 16.3 190.8-118 307.3-130.9 61.7-6.9 133.6 22 200.1 30.1 274.5 33.6 350.5-435.6 114.1-655.2-62.6-58.2-171.6-106.5-246.4-127.6C455 110.9 80.3-133 7.2 96.5c-22.7 71.8 13.3 254.5 43 336.6C118 619.2 33.7 852 144.5 976.9a241 241 0 0 0 148.9 77.7Z\"\/><path d= \"M282.5 1042.6c149 16.2 169-140.3 283.7-153.3 60.8-6.8 123.5 38 189 46.1 262 40 418.4-457.7 174.3-655-61.7-58.3-207-70-280.6-91.1-210.2-60.3-538.5-297-610.4-67.1-22.5 71.9 12 227.3 41.4 309.4 66.6 186.5-75.6 394.7 33.4 519.8 39.1 44.9 118.7 85.6 169.4 91.2Z\"\/><path d= \"M267.9 1054.3c148.7 17.4 135-158 249.7-171.7 60.6-7.4 182.1 26.5 247.6 35.2 261.5 42.7 415.6-511.7 171.8-722.2-61.7-62.2-250 4.4-323.6-18.1-209.9-64.3-405.4-224-543.2-60.8-47 80-4.4 216.3 25 304 66.5 198.8-53 307.2 24.9 497 27 81.1 97.2 130.7 147.8 136.6Z\"\/><\/clippath><\/svg>            <\/div>\n        \t\t<div class=\"qodef-m-image\">\n\t\t\t\t\t\t\t\t\t\t\t\t\t\t<img fetchpriority=\"high\" decoding=\"async\" itemprop=\"image\" src=\"https:\/\/betapharmatech.com\/wp-content\/uploads\/2024\/08\/BetaPharma_Technologies_33_FotografiaMaiIbarguen-1.jpg\" width=\"1153\" height=\"769\" alt=\"\" \/>\n\t\t\t\t\t\t\t\t\t\t\t\t\t<\/div>\n\t<\/div>\n\t\t\t\t<\/div>\n\t\t\t\t<\/div>\n\t\t\t\t<\/div>\n\t\t\t\t<\/div>\n\t\t\t\t<\/div>","protected":false},"excerpt":{"rendered":"<p>Equipo Fernando Berdascas Juli\u00e1n Director General Ingeniero Industrial por el Centro Polit\u00e9cnico Superior de la Universidad de Zaragoza e Ingeniero Mec\u00e1nico por la Universit\u00e9 de Technologie de Compi\u00e8gne. Fernando cuenta con m\u00e1s de 15 a\u00f1os de experiencia en ingenier\u00eda de aceleradores de part\u00edculas y dispositivos de alta tecnolog\u00eda m\u00e9dica. Linkedin Carmen Garc\u00eda-Tabar\u00e9s Valdivieso Directora Farmac\u00e9utica [&hellip;]<\/p>","protected":false},"author":1,"featured_media":0,"parent":0,"menu_order":0,"comment_status":"closed","ping_status":"closed","template":"page-full-width.php","meta":{"footnotes":""},"class_list":["post-10582","page","type-page","status-publish","hentry"],"_links":{"self":[{"href":"https:\/\/betapharmatech.com\/en\/wp-json\/wp\/v2\/pages\/10582","targetHints":{"allow":["GET"]}}],"collection":[{"href":"https:\/\/betapharmatech.com\/en\/wp-json\/wp\/v2\/pages"}],"about":[{"href":"https:\/\/betapharmatech.com\/en\/wp-json\/wp\/v2\/types\/page"}],"author":[{"embeddable":true,"href":"https:\/\/betapharmatech.com\/en\/wp-json\/wp\/v2\/users\/1"}],"replies":[{"embeddable":true,"href":"https:\/\/betapharmatech.com\/en\/wp-json\/wp\/v2\/comments?post=10582"}],"version-history":[{"count":0,"href":"https:\/\/betapharmatech.com\/en\/wp-json\/wp\/v2\/pages\/10582\/revisions"}],"wp:attachment":[{"href":"https:\/\/betapharmatech.com\/en\/wp-json\/wp\/v2\/media?parent=10582"}],"curies":[{"name":"wp","href":"https:\/\/api.w.org\/{rel}","templated":true}]}}