{"id":5292,"date":"2022-11-10T13:09:35","date_gmt":"2022-11-10T13:09:35","guid":{"rendered":"https:\/\/marity.qodeinteractive.com\/?page_id=5292"},"modified":"2024-10-25T07:12:53","modified_gmt":"2024-10-25T07:12:53","slug":"contactenos","status":"publish","type":"page","link":"https:\/\/betapharmatech.com\/en\/contactenos\/","title":{"rendered":"Contact Us"},"content":{"rendered":"<div data-elementor-type=\"wp-page\" data-elementor-id=\"5292\" class=\"elementor elementor-5292\" data-elementor-post-type=\"page\">\n\t\t\t\t<div class=\"elementor-element elementor-element-d189933 e-con-full e-flex e-con e-parent\" data-id=\"d189933\" data-element_type=\"container\" data-settings=\"{&quot;background_background&quot;:&quot;classic&quot;}\">\n\t\t<div class=\"elementor-element elementor-element-3d21470 e-con-full e-flex e-con e-child\" data-id=\"3d21470\" data-element_type=\"container\">\n\t\t\t\t<div class=\"elementor-element elementor-element-8eeea0c elementor-widget elementor-widget-marity_core_section_title\" data-id=\"8eeea0c\" data-element_type=\"widget\" data-widget_type=\"marity_core_section_title.default\">\n\t\t\t\t<div class=\"elementor-widget-container\">\n\t\t\t\t\t<div class=\"qodef-shortcode qodef-m  qodef-section-title qodef-show_supertitle--no qodef-alignment--left\">\n    \t\t<h1 class=\"qodef-m-title\" >\n\t\t\t\t\tGet in Touch\t\t\t<\/h1>\n\t\t<p class=\"qodef-m-text\" >Contact us for more information, to request customized quotes, or to resolve any questions you may have! We are here to help. Leave your message below.<\/p>\n    <\/div>\n\t\t\t\t<\/div>\n\t\t\t\t<\/div>\n\t\t<div class=\"elementor-element elementor-element-351b6d0 e-grid e-con-full e-con e-child\" data-id=\"351b6d0\" data-element_type=\"container\">\n\t\t\t\t<div class=\"elementor-element elementor-element-048bf83 elementor-button-align-end elementor-mobile-button-align-start elementor-widget elementor-widget-form\" data-id=\"048bf83\" data-element_type=\"widget\" data-settings=\"{&quot;button_width&quot;:&quot;100&quot;,&quot;step_type&quot;:&quot;number_text&quot;,&quot;step_icon_shape&quot;:&quot;circle&quot;}\" data-widget_type=\"form.default\">\n\t\t\t\t<div class=\"elementor-widget-container\">\n\t\t\t\t\t\t\t<form class=\"elementor-form\" method=\"post\" name=\"Cont\u00e1ctenos Form\" action=\"\">\n\t\t\t<input type=\"hidden\" name=\"post_id\" value=\"5292\"\/>\n\t\t\t<input type=\"hidden\" name=\"form_id\" value=\"048bf83\"\/>\n\t\t\t<input type=\"hidden\" name=\"referer_title\" value=\"Cont\u00e1ctenos\" \/>\n\n\t\t\t\t\t\t\t<input type=\"hidden\" name=\"queried_id\" value=\"5292\"\/>\n\t\t\t\n\t\t\t<div class=\"elementor-form-fields-wrapper elementor-labels-\">\n\t\t\t\t\t\t\t\t<div class=\"elementor-field-type-text elementor-field-group elementor-column elementor-field-group-name elementor-col-50 elementor-field-required\">\n\t\t\t\t\t\t\t\t\t\t\t\t<label for=\"form-field-name\" class=\"elementor-field-label elementor-screen-only\">\n\t\t\t\t\t\t\t\tNombre completo *\t\t\t\t\t\t\t<\/label>\n\t\t\t\t\t\t\t\t\t\t\t\t\t\t<input size=\"1\" type=\"text\" name=\"form_fields[name]\" id=\"form-field-name\" class=\"elementor-field elementor-size-sm  elementor-field-textual\" placeholder=\"Name *\" required=\"required\" aria-required=\"true\">\n\t\t\t\t\t\t\t\t\t\t\t<\/div>\n\t\t\t\t\t\t\t\t<div class=\"elementor-field-type-text elementor-field-group elementor-column elementor-field-group-field_ff6703a elementor-col-50\">\n\t\t\t\t\t\t\t\t\t\t\t\t<label for=\"form-field-field_ff6703a\" class=\"elementor-field-label elementor-screen-only\">\n\t\t\t\t\t\t\t\tCompany\t\t\t\t\t\t\t<\/label>\n\t\t\t\t\t\t\t\t\t\t\t\t\t\t<input size=\"1\" type=\"text\" name=\"form_fields[field_ff6703a]\" id=\"form-field-field_ff6703a\" class=\"elementor-field elementor-size-sm  elementor-field-textual\" placeholder=\"Company \">\n\t\t\t\t\t\t\t\t\t\t\t<\/div>\n\t\t\t\t\t\t\t\t<div class=\"elementor-field-type-email elementor-field-group elementor-column elementor-field-group-email elementor-col-50 elementor-field-required\">\n\t\t\t\t\t\t\t\t\t\t\t\t<label for=\"form-field-email\" class=\"elementor-field-label elementor-screen-only\">\n\t\t\t\t\t\t\t\tCorreo electr\u00f3nico\t\t\t\t\t\t\t<\/label>\n\t\t\t\t\t\t\t\t\t\t\t\t\t\t<input size=\"1\" type=\"email\" name=\"form_fields[email]\" id=\"form-field-email\" class=\"elementor-field elementor-size-sm  elementor-field-textual\" placeholder=\"Email *\" required=\"required\" aria-required=\"true\">\n\t\t\t\t\t\t\t\t\t\t\t<\/div>\n\t\t\t\t\t\t\t\t<div class=\"elementor-field-type-tel elementor-field-group elementor-column elementor-field-group-field_28fb0c8 elementor-col-50 elementor-field-required\">\n\t\t\t\t\t\t\t\t\t\t\t\t<label for=\"form-field-field_28fb0c8\" class=\"elementor-field-label elementor-screen-only\">\n\t\t\t\t\t\t\t\tPhone number *\t\t\t\t\t\t\t<\/label>\n\t\t\t\t\t\t\t\t<input size=\"1\" type=\"tel\" name=\"form_fields[field_28fb0c8]\" id=\"form-field-field_28fb0c8\" class=\"elementor-field elementor-size-sm  elementor-field-textual\" placeholder=\"Phone number *\" required=\"required\" aria-required=\"true\" pattern=\"[0-9()#&amp;+*-=.]+\" title=\"Only numbers and phone characters (#, -, *, etc) are accepted.\" data-no-translation-title=\"\">\n\n\t\t\t\t\t\t<\/div>\n\t\t\t\t\t\t\t\t<div class=\"elementor-field-type-textarea elementor-field-group elementor-column elementor-field-group-message elementor-col-100 elementor-field-required\">\n\t\t\t\t\t\t\t\t\t\t\t\t<label for=\"form-field-message\" class=\"elementor-field-label elementor-screen-only\">\n\t\t\t\t\t\t\t\tMensaje\t\t\t\t\t\t\t<\/label>\n\t\t\t\t\t\t<textarea class=\"elementor-field-textual elementor-field  elementor-size-sm\" name=\"form_fields[message]\" id=\"form-field-message\" rows=\"4\" placeholder=\"Message *\" required=\"required\" aria-required=\"true\"><\/textarea>\t\t\t\t<\/div>\n\t\t\t\t\t\t\t\t<div class=\"elementor-field-type-recaptcha_v3 elementor-field-group elementor-column elementor-field-group-field_914fabe elementor-col-100 recaptcha_v3-inline\">\n\t\t\t\t\t<div class=\"elementor-field\" id=\"form-field-field_914fabe\"><div class=\"elementor-g-recaptcha\" data-sitekey=\"6LcwqWsqAAAAAFWNFzOgtb7RvwrztViEpdkcb2LC\" data-type=\"v3\" data-action=\"Form\" data-badge=\"inline\" data-size=\"invisible\"><\/div><\/div>\t\t\t\t<\/div>\n\t\t\t\t\t\t\t\t<div class=\"elementor-field-group elementor-column elementor-field-type-submit elementor-col-100 e-form__buttons\">\n\t\t\t\t\t<button class=\"elementor-button elementor-size-lg\" type=\"submit\">\n\t\t\t\t\t\t<span class=\"elementor-button-content-wrapper\">\n\t\t\t\t\t\t\t\t\t\t\t\t\t\t\t\t\t\t\t\t\t\t<span class=\"elementor-button-text\">Send<\/span>\n\t\t\t\t\t\t\t\t\t\t\t\t\t<\/span>\n\t\t\t\t\t<\/button>\n\t\t\t\t<\/div>\n\t\t\t<\/div>\n\t\t<input type=\"hidden\" name=\"trp-form-language\" value=\"en\"\/><\/form>\n\t\t\t\t\t\t<\/div>\n\t\t\t\t<\/div>\n\t\t\t\t<div class=\"elementor-element elementor-element-ed9ec6e elementor-widget elementor-widget-marity_core_single_image\" data-id=\"ed9ec6e\" data-element_type=\"widget\" data-widget_type=\"marity_core_single_image.default\">\n\t\t\t\t<div class=\"elementor-widget-container\">\n\t\t\t\t\t<div class=\"qodef-shortcode qodef-m  qodef-single-image qodef-layout--default qodef-image-align--center  qodef--morph-mask qodef--retina\" style=\"--qodef--morph-shape-position-x: 0%;--qodef--morph-shape-scale-x: 1\">\n\t                    <div class=\"qodef-svg-morph-holder qodef-type-1\">\n                <svg class=\"qodef-svg--clip-morph-shape-1\" xmlns=\"http:\/\/www.w3.org\/2000\/svg\" width=\"1059.2\" height=\"1059.2\" viewbox=\"0 0 1059.2 1059.2\"><clippath id=\"marity-1-66\" clippathunits=\"objectBoundingBox\"><path d= \"M293.4 1054.6c151.2 16.3 190.8-118 307.3-130.9 61.7-6.9 133.6 22 200.1 30.1 274.5 33.6 350.5-435.6 114.1-655.2-62.6-58.2-171.6-106.5-246.4-127.6C455 110.9 80.3-133 7.2 96.5c-22.7 71.8 13.3 254.5 43 336.6C118 619.2 33.7 852 144.5 976.9a241 241 0 0 0 148.9 77.7Z\"\/><path d= \"M282.5 1042.6c149 16.2 169-140.3 283.7-153.3 60.8-6.8 123.5 38 189 46.1 262 40 418.4-457.7 174.3-655-61.7-58.3-207-70-280.6-91.1-210.2-60.3-538.5-297-610.4-67.1-22.5 71.9 12 227.3 41.4 309.4 66.6 186.5-75.6 394.7 33.4 519.8 39.1 44.9 118.7 85.6 169.4 91.2Z\"\/><path d= \"M267.9 1054.3c148.7 17.4 135-158 249.7-171.7 60.6-7.4 182.1 26.5 247.6 35.2 261.5 42.7 415.6-511.7 171.8-722.2-61.7-62.2-250 4.4-323.6-18.1-209.9-64.3-405.4-224-543.2-60.8-47 80-4.4 216.3 25 304 66.5 198.8-53 307.2 24.9 497 27 81.1 97.2 130.7 147.8 136.6Z\"\/><\/clippath><\/svg>            <\/div>\n        \t\t<div class=\"qodef-m-image\">\n\t\t\t\t\t\t\t\t\t\t\t\t\t\t<img fetchpriority=\"high\" decoding=\"async\" itemprop=\"image\" src=\"https:\/\/betapharmatech.com\/wp-content\/uploads\/2024\/09\/BetaPharma_Technologies_31_FotografiaMaiIbarguen.jpg\" width=\"1152\" height=\"768\" alt=\"\" \/>\n\t\t\t\t\t\t\t\t\t\t\t\t\t<\/div>\n\t<\/div>\n\t\t\t\t<\/div>\n\t\t\t\t<\/div>\n\t\t\t\t<\/div>\n\t\t\t\t<\/div>\n\t\t\t\t<\/div>\n\t\t\t\t<section class=\"elementor-section elementor-top-section elementor-element elementor-element-d2b20ca elementor-section-full_width elementor-section-height-default elementor-section-height-default\" data-id=\"d2b20ca\" data-element_type=\"section\">\n\t\t\t\t\t\t<div class=\"elementor-container elementor-column-gap-no\">\n\t\t\t\t\t<div class=\"elementor-column elementor-col-100 elementor-top-column elementor-element elementor-element-e9755b8\" data-id=\"e9755b8\" data-element_type=\"column\">\n\t\t\t<div class=\"elementor-widget-wrap elementor-element-populated\">\n\t\t\t\t\t\t<div class=\"elementor-element elementor-element-635b1ab custom-tabs elementor-widget elementor-widget-marity_core_tabs\" data-id=\"635b1ab\" data-element_type=\"widget\" data-widget_type=\"marity_core_tabs.default\">\n\t\t\t\t<div class=\"elementor-widget-container\">\n\t\t\t\t\t<div class=\"qodef-shortcode qodef-m  qodef-tabs clear qodef-orientation--horizontal qodef-layout--simple\">\n\t<ul class=\"qodef-tabs-navigation\">\n\t\t\t\t\t<li>\n\t\t\t\t<a href=\"#qodef-tab-oficina-madrid\">\n                    <span class=\"qodef-tabs-anchor-count\">01<\/span>\n                    <span class=\"qodef-tabs-anchor-text\">Madrid Office<\/span>\n                <\/a>\n\t\t\t<\/li>\n\t\t\t\t\t<li>\n\t\t\t\t<a href=\"#qodef-tab-oficina-zaragoza\">\n                    <span class=\"qodef-tabs-anchor-count\">02<\/span>\n                    <span class=\"qodef-tabs-anchor-text\">Zaragoza Office<\/span>\n                <\/a>\n\t\t\t<\/li>\n\t\t\t<\/ul>\n\t\n<div class=\"qodef-tabs-content\" id=\"qodef-tab-oficina-madrid-370\">\n    <div class=\"qodef-tabs-content-inner\">\n        <div class=\"custom-tab-content-columns\">\n<div class=\"office-details\">\n<h3 style=\"margin-bottom: 15px;\">Madrid Office<\/h3>\n<a href=\"https:\/\/maps.app.goo.gl\/ZvY3Djr24xjV8EC3A\" target=\"_blank\" rel=\"noopener\">\n<i class=\"fa-regular fa-map\"><\/i> Calle Antonio Cavero 93,<br\/>28043 Madrid, Espa\u00f1a<\/a>\n\n<a href=\"tel:+34606659190\"><i class=\"fa-solid fa-mobile-screen-button\"><\/i> +34 606 65 91 90<\/a>\n\n<\/div>\n<iframe style=\"border: 0;\" src=\"https:\/\/www.google.com\/maps\/embed?pb=!1m18!1m12!1m3!1d3035.5547755873868!2d-3.6575390235960112!3d40.46299015282187!2m3!1f0!2f0!3f0!3m2!1i1024!2i768!4f13.1!3m3!1m2!1s0xd422ed1abe9f7dd%3A0xbc22415abeb08336!2sC%2F%20de%20Antonio%20Cavero%2C%2093%2C%20Hortaleza%2C%2028043%20Madrid%2C%20Espa%C3%B1a!5e0!3m2!1ses-419!2sro!4v1725893574612!5m2!1ses-419!2sro\" width=\"600\" height=\"450\" allowfullscreen=\"allowfullscreen\"><\/iframe>\n\n<\/div>\n            <\/div>\n    \n    \n    \n    <\/div>\n\n<div class=\"qodef-tabs-content\" id=\"qodef-tab-oficina-zaragoza-477\">\n    <div class=\"qodef-tabs-content-inner\">\n        <div class=\"custom-tab-content-columns\">\n<div class=\"office-details\">\n<h3 style=\"margin-bottom: 15px;\">Zaragoza Office<\/h3>\n<a href=\"https:\/\/maps.app.goo.gl\/kkK2ezF5iSZrf22A6\" target=\"_blank\" rel=\"noopener\">\n<i class=\"fa-regular fa-map\"><\/i> Calle Panam\u00e1 6 Local,<br\/>\n50012 Zaragoza, Espa\u00f1a.<\/a>\n\n<a href=\"tel:+34646514349\"><i class=\"fa-solid fa-mobile-screen-button\"><\/i> +34 646 51 43 49<\/a>\n\n<\/div>\n<iframe style=\"border: 0;\" src=\"https:\/\/www.google.com\/maps\/embed?pb=!1m18!1m12!1m3!1d2981.383951521048!2d-0.9217692235500274!3d41.64744567982344!2m3!1f0!2f0!3f0!3m2!1i1024!2i768!4f13.1!3m3!1m2!1s0xd596b24ad3582a3%3A0x544b501d1c6fb57!2zQy4gUGFuYW3DoSwgNiwgNTAwMTIgWmFyYWdvemEsIEVzcGHDsWE!5e0!3m2!1ses-419!2sro!4v1725893610626!5m2!1ses-419!2sro\" width=\"600\" height=\"450\" allowfullscreen=\"allowfullscreen\"><\/iframe>\n\n<\/div>\n            <\/div>\n    \n    \n    \n    <\/div>\n<\/div>\n\t\t\t\t<\/div>\n\t\t\t\t<\/div>\n\t\t\t\t\t<\/div>\n\t\t<\/div>\n\t\t\t\t\t<\/div>\n\t\t<\/section>\n\t\t\t\t<\/div>","protected":false},"excerpt":{"rendered":"<p>Cont\u00e1ctanos \u00a1Cont\u00e1ctanos para obtener m\u00e1s informaci\u00f3n, solicitar ofertas personalizadas o resolver cualquier duda que tengas! Estamos aqu\u00ed para ayudarte. Deja tu mensaje a continuaci\u00f3n. 01 Oficina Madrid 02 Oficina Zaragoza Oficina Madrid Calle Antonio Cavero 93,28043 Madrid, Espa\u00f1a +34 606 65 91 90 Oficina Zaragoza Calle Panam\u00e1 6 Local, 50012 Zaragoza, Espa\u00f1a. +34 646 51 [&hellip;]<\/p>","protected":false},"author":1,"featured_media":0,"parent":0,"menu_order":0,"comment_status":"closed","ping_status":"closed","template":"page-full-width.php","meta":{"footnotes":""},"class_list":["post-5292","page","type-page","status-publish","hentry"],"_links":{"self":[{"href":"https:\/\/betapharmatech.com\/en\/wp-json\/wp\/v2\/pages\/5292","targetHints":{"allow":["GET"]}}],"collection":[{"href":"https:\/\/betapharmatech.com\/en\/wp-json\/wp\/v2\/pages"}],"about":[{"href":"https:\/\/betapharmatech.com\/en\/wp-json\/wp\/v2\/types\/page"}],"author":[{"embeddable":true,"href":"https:\/\/betapharmatech.com\/en\/wp-json\/wp\/v2\/users\/1"}],"replies":[{"embeddable":true,"href":"https:\/\/betapharmatech.com\/en\/wp-json\/wp\/v2\/comments?post=5292"}],"version-history":[{"count":6,"href":"https:\/\/betapharmatech.com\/en\/wp-json\/wp\/v2\/pages\/5292\/revisions"}],"predecessor-version":[{"id":11629,"href":"https:\/\/betapharmatech.com\/en\/wp-json\/wp\/v2\/pages\/5292\/revisions\/11629"}],"wp:attachment":[{"href":"https:\/\/betapharmatech.com\/en\/wp-json\/wp\/v2\/media?parent=5292"}],"curies":[{"name":"wp","href":"https:\/\/api.w.org\/{rel}","templated":true}]}}